{"id":937,"date":"2020-12-14T07:27:36","date_gmt":"2020-12-14T07:27:36","guid":{"rendered":"https:\/\/www.brightsity.com\/about-us\/"},"modified":"2021-09-03T09:31:26","modified_gmt":"2021-09-03T09:31:26","slug":"sobre-nos","status":"publish","type":"page","link":"https:\/\/www.brightsity.com\/pt-pt\/sobre-nos\/","title":{"rendered":"Sobre n\u00f3s"},"content":{"rendered":"<h1>O que \u00e9 Brightsity<\/h1>\n<p>Os cursos do Brightsity s\u00e3o f\u00e1ceis de gerenciar de forma independente. Recursos como correspond\u00eancia autom\u00e1tica, listas de espera, feedback constante e preven\u00e7\u00e3o de problemas de participantes est\u00e3o incorporados ao programa. Os dados s\u00e3o fornecidos em uma planilha de f\u00e1cil an\u00e1lise. Os cursos da Brightsity podem ser usados para facilitar as rela\u00e7\u00f5es de desenvolvimento da compaix\u00e3o entre pais, professores, administra\u00e7\u00e3o e entre a comunidade, empresas, associa\u00e7\u00f5es de pol\u00edcia, bombeiros, gerentes de recursos humanos, l\u00edderes e organiza\u00e7\u00f5es. As organiza\u00e7\u00f5es podem usar os dados gerados para suporte, credenciamento, marketing, responsabilidade social corporativa e recrutamento de funcion\u00e1rios.<\/p>\n","protected":false},"excerpt":{"rendered":"<p>O que \u00e9 Brightsity Os cursos do Brightsity s\u00e3o f\u00e1ceis de gerenciar de forma independente. Recursos como correspond\u00eancia autom\u00e1tica, listas de espera, feedback constante e preven\u00e7\u00e3o de problemas de participantes est\u00e3o incorporados ao programa. Os dados s\u00e3o fornecidos em uma planilha de f\u00e1cil an\u00e1lise. Os cursos da Brightsity podem ser usados para facilitar as rela\u00e7\u00f5es [&hellip;]<\/p>\n","protected":false},"author":1,"featured_media":0,"parent":0,"menu_order":0,"comment_status":"closed","ping_status":"closed","template":"templates\/about.php","meta":{"om_disable_all_campaigns":false,"_mi_skip_tracking":false},"_links":{"self":[{"href":"https:\/\/www.brightsity.com\/pt-pt\/wp-json\/wp\/v2\/pages\/937"}],"collection":[{"href":"https:\/\/www.brightsity.com\/pt-pt\/wp-json\/wp\/v2\/pages"}],"about":[{"href":"https:\/\/www.brightsity.com\/pt-pt\/wp-json\/wp\/v2\/types\/page"}],"author":[{"embeddable":true,"href":"https:\/\/www.brightsity.com\/pt-pt\/wp-json\/wp\/v2\/users\/1"}],"replies":[{"embeddable":true,"href":"https:\/\/www.brightsity.com\/pt-pt\/wp-json\/wp\/v2\/comments?post=937"}],"version-history":[{"count":4,"href":"https:\/\/www.brightsity.com\/pt-pt\/wp-json\/wp\/v2\/pages\/937\/revisions"}],"predecessor-version":[{"id":971,"href":"https:\/\/www.brightsity.com\/pt-pt\/wp-json\/wp\/v2\/pages\/937\/revisions\/971"}],"wp:attachment":[{"href":"https:\/\/www.brightsity.com\/pt-pt\/wp-json\/wp\/v2\/media?parent=937"}],"curies":[{"name":"wp","href":"https:\/\/api.w.org\/{rel}","templated":true}]}}