{"id":1109,"date":"2020-12-11T11:02:41","date_gmt":"2020-12-11T11:02:41","guid":{"rendered":"https:\/\/www.brightsity.com\/solutions\/well-being-program-certifications\/"},"modified":"2021-09-09T08:31:00","modified_gmt":"2021-09-09T08:31:00","slug":"bem-estar-programas-certificacoes","status":"publish","type":"page","link":"https:\/\/www.brightsity.com\/pt-pt\/solutions\/bem-estar-programas-certificacoes\/","title":{"rendered":"Bem-estar \/ autodesenvolvimento"},"content":{"rendered":"<h1> Certifica\u00e7\u00f5es do Programa de Bem-Estar<\/h1>\n<p> As certifica\u00e7\u00f5es do programa de bem-estar est\u00e3o dispon\u00edveis aos participantes que consideram ou planejam, gerenciam e dirigem atividades de um programa de coaching de bem-estar ou no local de trabalho.<\/p>\n<p><a href=\"#cohorts\" title=\"button\" class=\"toDown btn btn-primary\"> Veja coortes <\/a><\/p>\n","protected":false},"excerpt":{"rendered":"<p>Certifica\u00e7\u00f5es do Programa de Bem-Estar As certifica\u00e7\u00f5es do programa de bem-estar est\u00e3o dispon\u00edveis aos participantes que consideram ou planejam, gerenciam e dirigem atividades de um programa de coaching de bem-estar ou no local de trabalho. Veja coortes<\/p>\n","protected":false},"author":1,"featured_media":717,"parent":1055,"menu_order":0,"comment_status":"closed","ping_status":"closed","template":"templates\/solutions-course-template.php","meta":{"om_disable_all_campaigns":false,"_mi_skip_tracking":false},"_links":{"self":[{"href":"https:\/\/www.brightsity.com\/pt-pt\/wp-json\/wp\/v2\/pages\/1109"}],"collection":[{"href":"https:\/\/www.brightsity.com\/pt-pt\/wp-json\/wp\/v2\/pages"}],"about":[{"href":"https:\/\/www.brightsity.com\/pt-pt\/wp-json\/wp\/v2\/types\/page"}],"author":[{"embeddable":true,"href":"https:\/\/www.brightsity.com\/pt-pt\/wp-json\/wp\/v2\/users\/1"}],"replies":[{"embeddable":true,"href":"https:\/\/www.brightsity.com\/pt-pt\/wp-json\/wp\/v2\/comments?post=1109"}],"version-history":[{"count":5,"href":"https:\/\/www.brightsity.com\/pt-pt\/wp-json\/wp\/v2\/pages\/1109\/revisions"}],"predecessor-version":[{"id":1533,"href":"https:\/\/www.brightsity.com\/pt-pt\/wp-json\/wp\/v2\/pages\/1109\/revisions\/1533"}],"up":[{"embeddable":true,"href":"https:\/\/www.brightsity.com\/pt-pt\/wp-json\/wp\/v2\/pages\/1055"}],"wp:featuredmedia":[{"embeddable":true,"href":"https:\/\/www.brightsity.com\/pt-pt\/wp-json\/wp\/v2\/media\/717"}],"wp:attachment":[{"href":"https:\/\/www.brightsity.com\/pt-pt\/wp-json\/wp\/v2\/media?parent=1109"}],"curies":[{"name":"wp","href":"https:\/\/api.w.org\/{rel}","templated":true}]}}