{"id":1100,"date":"2020-12-14T14:35:55","date_gmt":"2020-12-14T14:35:55","guid":{"rendered":"https:\/\/www.brightsity.com\/solutions\/professional-development\/"},"modified":"2021-09-09T08:29:40","modified_gmt":"2021-09-09T08:29:40","slug":"desenvolvimento-profissional","status":"publish","type":"page","link":"https:\/\/www.brightsity.com\/pt-pt\/solutions\/desenvolvimento-profissional\/","title":{"rendered":"Desenvolvimento Empresarial \/ Profissional \/ Sa\u00fade"},"content":{"rendered":"<h1> Capacidades Pessoais e Sociais <\/h1>\n<p> Sua capacidade de desenvolver e manter relacionamentos eficazes \u00e9 de miss\u00e3o cr\u00edtica em qualquer ocupa\u00e7\u00e3o em todos os setores.<\/p>\n<p><a href=\"#cohorts\" title=\"button\" class=\"toDown btn btn-primary\"> Veja coortes <\/a><\/p>\n","protected":false},"excerpt":{"rendered":"<p>Capacidades Pessoais e Sociais Sua capacidade de desenvolver e manter relacionamentos eficazes \u00e9 de miss\u00e3o cr\u00edtica em qualquer ocupa\u00e7\u00e3o em todos os setores. Veja coortes<\/p>\n","protected":false},"author":1,"featured_media":753,"parent":1055,"menu_order":0,"comment_status":"closed","ping_status":"closed","template":"templates\/solutions-course-template.php","meta":{"om_disable_all_campaigns":false,"_mi_skip_tracking":false},"_links":{"self":[{"href":"https:\/\/www.brightsity.com\/pt-pt\/wp-json\/wp\/v2\/pages\/1100"}],"collection":[{"href":"https:\/\/www.brightsity.com\/pt-pt\/wp-json\/wp\/v2\/pages"}],"about":[{"href":"https:\/\/www.brightsity.com\/pt-pt\/wp-json\/wp\/v2\/types\/page"}],"author":[{"embeddable":true,"href":"https:\/\/www.brightsity.com\/pt-pt\/wp-json\/wp\/v2\/users\/1"}],"replies":[{"embeddable":true,"href":"https:\/\/www.brightsity.com\/pt-pt\/wp-json\/wp\/v2\/comments?post=1100"}],"version-history":[{"count":5,"href":"https:\/\/www.brightsity.com\/pt-pt\/wp-json\/wp\/v2\/pages\/1100\/revisions"}],"predecessor-version":[{"id":1532,"href":"https:\/\/www.brightsity.com\/pt-pt\/wp-json\/wp\/v2\/pages\/1100\/revisions\/1532"}],"up":[{"embeddable":true,"href":"https:\/\/www.brightsity.com\/pt-pt\/wp-json\/wp\/v2\/pages\/1055"}],"wp:featuredmedia":[{"embeddable":true,"href":"https:\/\/www.brightsity.com\/pt-pt\/wp-json\/wp\/v2\/media\/753"}],"wp:attachment":[{"href":"https:\/\/www.brightsity.com\/pt-pt\/wp-json\/wp\/v2\/media?parent=1100"}],"curies":[{"name":"wp","href":"https:\/\/api.w.org\/{rel}","templated":true}]}}