{"id":1091,"date":"2020-12-15T05:33:49","date_gmt":"2020-12-15T05:33:49","guid":{"rendered":"https:\/\/www.brightsity.com\/solutions\/high-school-and-higher-education\/"},"modified":"2021-09-09T08:32:43","modified_gmt":"2021-09-09T08:32:43","slug":"ensino-medio-e-superior","status":"publish","type":"page","link":"https:\/\/www.brightsity.com\/pt-pt\/solutions\/ensino-medio-e-superior\/","title":{"rendered":"Universidades, faculdades e escolas"},"content":{"rendered":"<h1> Ensino M\u00e9dio e Ensino Superior <\/h1>\n<p> O desenvolvimento das habilidades sociais e interpessoais necess\u00e1rias para graduados prontos para trabalhar \u00e9 o cerne do trabalho da Brightsity no ensino superior.<\/p>\n<p><a href=\"#cohorts\" title=\"button\" class=\"toDown btn btn-primary\"> Veja coortes <\/a><\/p>\n","protected":false},"excerpt":{"rendered":"<p>Ensino M\u00e9dio e Ensino Superior O desenvolvimento das habilidades sociais e interpessoais necess\u00e1rias para graduados prontos para trabalhar \u00e9 o cerne do trabalho da Brightsity no ensino superior. Veja coortes<\/p>\n","protected":false},"author":1,"featured_media":755,"parent":1055,"menu_order":0,"comment_status":"closed","ping_status":"closed","template":"templates\/solutions-course-template.php","meta":{"om_disable_all_campaigns":false,"_mi_skip_tracking":false},"_links":{"self":[{"href":"https:\/\/www.brightsity.com\/pt-pt\/wp-json\/wp\/v2\/pages\/1091"}],"collection":[{"href":"https:\/\/www.brightsity.com\/pt-pt\/wp-json\/wp\/v2\/pages"}],"about":[{"href":"https:\/\/www.brightsity.com\/pt-pt\/wp-json\/wp\/v2\/types\/page"}],"author":[{"embeddable":true,"href":"https:\/\/www.brightsity.com\/pt-pt\/wp-json\/wp\/v2\/users\/1"}],"replies":[{"embeddable":true,"href":"https:\/\/www.brightsity.com\/pt-pt\/wp-json\/wp\/v2\/comments?post=1091"}],"version-history":[{"count":5,"href":"https:\/\/www.brightsity.com\/pt-pt\/wp-json\/wp\/v2\/pages\/1091\/revisions"}],"predecessor-version":[{"id":1535,"href":"https:\/\/www.brightsity.com\/pt-pt\/wp-json\/wp\/v2\/pages\/1091\/revisions\/1535"}],"up":[{"embeddable":true,"href":"https:\/\/www.brightsity.com\/pt-pt\/wp-json\/wp\/v2\/pages\/1055"}],"wp:featuredmedia":[{"embeddable":true,"href":"https:\/\/www.brightsity.com\/pt-pt\/wp-json\/wp\/v2\/media\/755"}],"wp:attachment":[{"href":"https:\/\/www.brightsity.com\/pt-pt\/wp-json\/wp\/v2\/media?parent=1091"}],"curies":[{"name":"wp","href":"https:\/\/api.w.org\/{rel}","templated":true}]}}