{"id":1075,"date":"2020-12-15T07:54:20","date_gmt":"2020-12-15T07:54:20","guid":{"rendered":"https:\/\/www.brightsity.com\/solutions\/organizational-development\/"},"modified":"2022-07-02T02:06:11","modified_gmt":"2022-07-02T02:06:11","slug":"desenvolvimento-organizacional","status":"publish","type":"page","link":"https:\/\/www.brightsity.com\/pt-pt\/solutions\/desenvolvimento-organizacional\/","title":{"rendered":"Desenvolvimento organizacional"},"content":{"rendered":"<h1>Recurso de desenvolvimento organizacional<\/h1>\n<p>\u00c9 necess\u00e1rio um compromisso compartilhado dos membros em todos os n\u00edveis para desenvolv\u00ea-lo e mant\u00ea-lo. E eles devem ter a oportunidade de compartilhar suas contribui\u00e7\u00f5es de uma perspectiva \u00fanica.<\/p>\n<p><a href=\"#cohorts\" title=\"button\" class=\"toDown btn btn-primary\"> Veja coortes <\/a><\/p>\n","protected":false},"excerpt":{"rendered":"<p>Recurso de desenvolvimento organizacional \u00c9 necess\u00e1rio um compromisso compartilhado dos membros em todos os n\u00edveis para desenvolv\u00ea-lo e mant\u00ea-lo. E eles devem ter a oportunidade de compartilhar suas contribui\u00e7\u00f5es de uma perspectiva \u00fanica. Veja coortes<\/p>\n","protected":false},"author":1,"featured_media":3322,"parent":1055,"menu_order":0,"comment_status":"closed","ping_status":"closed","template":"templates\/consulting_services.php","meta":{"om_disable_all_campaigns":false,"_mi_skip_tracking":false},"_links":{"self":[{"href":"https:\/\/www.brightsity.com\/pt-pt\/wp-json\/wp\/v2\/pages\/1075"}],"collection":[{"href":"https:\/\/www.brightsity.com\/pt-pt\/wp-json\/wp\/v2\/pages"}],"about":[{"href":"https:\/\/www.brightsity.com\/pt-pt\/wp-json\/wp\/v2\/types\/page"}],"author":[{"embeddable":true,"href":"https:\/\/www.brightsity.com\/pt-pt\/wp-json\/wp\/v2\/users\/1"}],"replies":[{"embeddable":true,"href":"https:\/\/www.brightsity.com\/pt-pt\/wp-json\/wp\/v2\/comments?post=1075"}],"version-history":[{"count":3,"href":"https:\/\/www.brightsity.com\/pt-pt\/wp-json\/wp\/v2\/pages\/1075\/revisions"}],"predecessor-version":[{"id":1080,"href":"https:\/\/www.brightsity.com\/pt-pt\/wp-json\/wp\/v2\/pages\/1075\/revisions\/1080"}],"up":[{"embeddable":true,"href":"https:\/\/www.brightsity.com\/pt-pt\/wp-json\/wp\/v2\/pages\/1055"}],"wp:featuredmedia":[{"embeddable":true,"href":"https:\/\/www.brightsity.com\/pt-pt\/wp-json\/wp\/v2\/media\/3322"}],"wp:attachment":[{"href":"https:\/\/www.brightsity.com\/pt-pt\/wp-json\/wp\/v2\/media?parent=1075"}],"curies":[{"name":"wp","href":"https:\/\/api.w.org\/{rel}","templated":true}]}}