{"id":1051,"date":"2020-12-15T07:04:42","date_gmt":"2020-12-15T07:04:42","guid":{"rendered":"https:\/\/www.brightsity.com\/mentoring\/"},"modified":"2021-09-03T14:54:51","modified_gmt":"2021-09-03T14:54:51","slug":"mentoria","status":"publish","type":"page","link":"https:\/\/www.brightsity.com\/pt-pt\/solutions\/mentoria\/","title":{"rendered":"Mentoria"},"content":{"rendered":"<h1>Mentoria Organizacional<\/h1>\n<p>Organiza\u00e7\u00f5es para desenvolver seus funcion\u00e1rios, reter, engajar e trocar conhecimentos t\u00e1citos. O mentor de carreira do Brightsity \u00e9 bidirecional, garantindo que o mentor e o protegido se beneficiem da troca de maneiras mensur\u00e1veis, relacionadas ao trabalho e saud\u00e1veis.<\/p>\n<p><a href=\"#cohorts\" title=\"button\" class=\"toDown btn btn-primary\"> Ver coortes <\/a><\/p>\n","protected":false},"excerpt":{"rendered":"<p>Mentoria Organizacional Organiza\u00e7\u00f5es para desenvolver seus funcion\u00e1rios, reter, engajar e trocar conhecimentos t\u00e1citos. O mentor de carreira do Brightsity \u00e9 bidirecional, garantindo que o mentor e o protegido se beneficiem da troca de maneiras mensur\u00e1veis, relacionadas ao trabalho e saud\u00e1veis. Ver coortes<\/p>\n","protected":false},"author":1,"featured_media":759,"parent":1055,"menu_order":0,"comment_status":"closed","ping_status":"closed","template":"templates\/about.php","meta":{"om_disable_all_campaigns":false,"_mi_skip_tracking":false},"_links":{"self":[{"href":"https:\/\/www.brightsity.com\/pt-pt\/wp-json\/wp\/v2\/pages\/1051"}],"collection":[{"href":"https:\/\/www.brightsity.com\/pt-pt\/wp-json\/wp\/v2\/pages"}],"about":[{"href":"https:\/\/www.brightsity.com\/pt-pt\/wp-json\/wp\/v2\/types\/page"}],"author":[{"embeddable":true,"href":"https:\/\/www.brightsity.com\/pt-pt\/wp-json\/wp\/v2\/users\/1"}],"replies":[{"embeddable":true,"href":"https:\/\/www.brightsity.com\/pt-pt\/wp-json\/wp\/v2\/comments?post=1051"}],"version-history":[{"count":3,"href":"https:\/\/www.brightsity.com\/pt-pt\/wp-json\/wp\/v2\/pages\/1051\/revisions"}],"predecessor-version":[{"id":1072,"href":"https:\/\/www.brightsity.com\/pt-pt\/wp-json\/wp\/v2\/pages\/1051\/revisions\/1072"}],"up":[{"embeddable":true,"href":"https:\/\/www.brightsity.com\/pt-pt\/wp-json\/wp\/v2\/pages\/1055"}],"wp:featuredmedia":[{"embeddable":true,"href":"https:\/\/www.brightsity.com\/pt-pt\/wp-json\/wp\/v2\/media\/759"}],"wp:attachment":[{"href":"https:\/\/www.brightsity.com\/pt-pt\/wp-json\/wp\/v2\/media?parent=1051"}],"curies":[{"name":"wp","href":"https:\/\/api.w.org\/{rel}","templated":true}]}}