{"id":1030,"date":"2020-12-15T09:02:36","date_gmt":"2020-12-15T09:02:36","guid":{"rendered":"https:\/\/www.brightsity.com\/coaching-services\/"},"modified":"2021-09-03T12:07:50","modified_gmt":"2021-09-03T12:07:50","slug":"servicos-de-coaching","status":"publish","type":"page","link":"https:\/\/www.brightsity.com\/pt-pt\/servicos-de-coaching\/","title":{"rendered":"Servi\u00e7os de Coaching Brightsity"},"content":{"rendered":"<p>Coaching baseado em m\u00e9tricas para l\u00edderes em todos os n\u00edveis com desenvolvimento e suporte de um coach 1: 1, colega e oportunidades para servir como mentor e protegido. As ferramentas de brilho estabelecem \u00e1reas de desafio, limite e pontos fortes e oferecem abordagens seguras e impactantes para desenvolver, fortalecer e implementar abordagens produtivas em suas posi\u00e7\u00f5es.<\/p>\n<div class=\"mt-5\">\n<h2>Por que Brightsity Coaching<\/h2>\n<p>Nosso coaching n\u00e3o \u00e9 puxar um indiv\u00edduo fora do contexto, permitindo que ele experimente uma nova perspectiva e, ent\u00e3o, espere pelo melhor. Os participantes recebem uma s\u00e9rie abrangente de avalia\u00e7\u00f5es, o coaching de um coach qualificado e capaz, bem como o apoio rec\u00edproco e confi\u00e1vel de um l\u00edder de pares que ap\u00f3ia e incentiva ambas as partes entre as s\u00e9ries de sess\u00f5es.<\/p>\n<\/p><\/div>\n<div class=\"mt-5\">\n<h3>Impacto Mensur\u00e1vel<\/h3>\n<p>\n                    Pesquisas sobre a efic\u00e1cia dos cursos Brightsity foram realizadas em universidades, hospitais e empresas.\n                <\/p>\n<\/p><\/div>\n","protected":false},"excerpt":{"rendered":"<p>Coaching baseado em m\u00e9tricas para l\u00edderes em todos os n\u00edveis com desenvolvimento e suporte de um coach 1: 1, colega e oportunidades para servir como mentor e protegido. As ferramentas de brilho estabelecem \u00e1reas de desafio, limite e pontos fortes e oferecem abordagens seguras e impactantes para desenvolver, fortalecer e implementar abordagens produtivas em suas [&hellip;]<\/p>\n","protected":false},"author":1,"featured_media":0,"parent":0,"menu_order":0,"comment_status":"closed","ping_status":"closed","template":"templates\/coaching_services.php","meta":{"om_disable_all_campaigns":false,"_mi_skip_tracking":false},"_links":{"self":[{"href":"https:\/\/www.brightsity.com\/pt-pt\/wp-json\/wp\/v2\/pages\/1030"}],"collection":[{"href":"https:\/\/www.brightsity.com\/pt-pt\/wp-json\/wp\/v2\/pages"}],"about":[{"href":"https:\/\/www.brightsity.com\/pt-pt\/wp-json\/wp\/v2\/types\/page"}],"author":[{"embeddable":true,"href":"https:\/\/www.brightsity.com\/pt-pt\/wp-json\/wp\/v2\/users\/1"}],"replies":[{"embeddable":true,"href":"https:\/\/www.brightsity.com\/pt-pt\/wp-json\/wp\/v2\/comments?post=1030"}],"version-history":[{"count":4,"href":"https:\/\/www.brightsity.com\/pt-pt\/wp-json\/wp\/v2\/pages\/1030\/revisions"}],"predecessor-version":[{"id":1036,"href":"https:\/\/www.brightsity.com\/pt-pt\/wp-json\/wp\/v2\/pages\/1030\/revisions\/1036"}],"wp:attachment":[{"href":"https:\/\/www.brightsity.com\/pt-pt\/wp-json\/wp\/v2\/media?parent=1030"}],"curies":[{"name":"wp","href":"https:\/\/api.w.org\/{rel}","templated":true}]}}