{"id":1007,"date":"2020-12-15T10:48:08","date_gmt":"2020-12-15T10:48:08","guid":{"rendered":"https:\/\/www.brightsity.com\/privacy-statement\/"},"modified":"2021-09-03T10:29:29","modified_gmt":"2021-09-03T10:29:29","slug":"declaracao-de-privacidade","status":"publish","type":"page","link":"https:\/\/www.brightsity.com\/pt-pt\/declaracao-de-privacidade\/","title":{"rendered":"Declara\u00e7\u00e3o de privacidade"},"content":{"rendered":"<div>\n<h4>SE\u00c7\u00c3O 1 &#8211; O QUE FAZEMOS COM SUAS INFORMA\u00c7\u00d5ES?<\/h4>\n<p>\n                    Quando voc\u00ea compra algo em nossa loja, como parte do processo de compra e venda, coletamos as informa\u00e7\u00f5es pessoais que voc\u00ea nos fornece, como seu nome, endere\u00e7o e endere\u00e7o de e-mail.<br \/>\n                     Quando voc\u00ea navega em nossa loja, tamb\u00e9m recebemos automaticamente o endere\u00e7o de protocolo de internet (IP) do seu computador para nos fornecer informa\u00e7\u00f5es que nos ajudem a aprender sobre o seu navegador e sistema operacional.\n                <\/p>\n<p>\n                    <b>Marketing por e-mail (se aplic\u00e1vel):<\/b><br \/>\n                    Com sua permiss\u00e3o, podemos enviar e-mails sobre nossa loja, novos produtos e outras atualiza\u00e7\u00f5es.\n                <\/p>\n<\/p><\/div>\n<div>\n<h4>SE\u00c7\u00c3O 2 &#8211; CONSENTIMENTO<\/h4>\n<p>\n                    <b>Como voc\u00ea consegue meu consentimento?<\/b><br \/> <br \/>\n                   Quando voc\u00ea nos fornece informa\u00e7\u00f5es pessoais para concluir uma transa\u00e7\u00e3o, verificar seu cart\u00e3o de cr\u00e9dito, fazer um pedido, providenciar a entrega ou devolver uma compra, sugerimos que voc\u00ea consente em colet\u00e1-las e us\u00e1-las apenas por esse motivo espec\u00edfico.\n                 <\/p>\n<p>\n                    Se solicitarmos suas informa\u00e7\u00f5es pessoais por um motivo secund\u00e1rio, como marketing, solicitaremos diretamente seu consentimento expresso ou forneceremos a oportunidade de dizer n\u00e3o.\n                <\/p>\n<p>\n                    <b>Como retiro meu consentimento?<\/b><br \/> <br \/>\n                    Se, depois de aceitar, voc\u00ea mudar de ideia, poder\u00e1 retirar seu consentimento para que possamos entrar em contato com voc\u00ea, para a coleta, uso ou divulga\u00e7\u00e3o cont\u00ednua de suas informa\u00e7\u00f5es, a qualquer momento, entrando em contato conosco em <b> <a href = \" mailto: dmartinprime@gmail.com\"> <i class =\"lni lni-envelope\"> <\/i> dmartinprime@gmail.com <\/a> <\/b> ou envie-nos para: Endere\u00e7o\n                <\/p>\n<\/p><\/div>\n<div>\n<h4>SE\u00c7\u00c3O 3 &#8211; DIVULGA\u00c7\u00c3O<\/h4>\n<p>\n                    Podemos divulgar suas informa\u00e7\u00f5es pessoais se formos obrigados por lei a faz\u00ea-lo ou se voc\u00ea violar nossos Termos de Servi\u00e7o.\n                 <\/p>\n<\/p><\/div>\n<div>\n<h4>SE\u00c7\u00c3O 4 &#8211; Pagamento<\/h4>\n<p>\n                    <b>Pagamento:<\/b><br \/>\n                    Se voc\u00ea escolher um gateway de pagamento direto para concluir sua compra, o WooCommerce armazena os dados do seu cart\u00e3o de cr\u00e9dito. Ele \u00e9 criptografado por meio do Padr\u00e3o de Seguran\u00e7a de Dados da Ind\u00fastria de Cart\u00f5es de Pagamento (PCI-DSS). Os dados da transa\u00e7\u00e3o de compra s\u00e3o armazenados apenas pelo tempo necess\u00e1rio para concluir a transa\u00e7\u00e3o de compra. Depois que isso for conclu\u00eddo, suas informa\u00e7\u00f5es de transa\u00e7\u00e3o de compra ser\u00e3o exclu\u00eddas.\n                <\/p>\n<p>\n                   Todos os gateways de pagamento direto seguem os padr\u00f5es definidos pelo PCI-DSS, gerenciados pelo PCI Security Standards Council, que \u00e9 um esfor\u00e7o conjunto de marcas como Visa, MasterCard, American Express e Discover. Os requisitos do PCI-DSS ajudam a garantir o manuseio seguro das informa\u00e7\u00f5es do cart\u00e3o de cr\u00e9dito por nossa loja e\n                <\/p>\n<\/p><\/div>\n<div>\n<h4>SE\u00c7\u00c3O 5 &#8211; SERVI\u00c7OS DE TERCEIROS<\/h4>\n<p>\n                   Em geral, os fornecedores terceirizados usados por n\u00f3s apenas coletar\u00e3o, usar\u00e3o e divulgar\u00e3o suas informa\u00e7\u00f5es na medida necess\u00e1ria para permitir que realizem os servi\u00e7os que nos fornecem\n                <\/p>\n<p>\n                    No entanto, certos provedores de servi\u00e7os terceirizados, como gateways de pagamento e outros processadores de transa\u00e7\u00f5es de pagamento, t\u00eam suas pr\u00f3prias pol\u00edticas de privacidade em rela\u00e7\u00e3o \u00e0s informa\u00e7\u00f5es que somos obrigados a fornecer a eles para suas transa\u00e7\u00f5es relacionadas \u00e0 compra.\n                <\/p>\n<p>\n                    Para esses provedores, recomendamos que voc\u00ea leia suas pol\u00edticas de privacidade para que possa entender a maneira como suas informa\u00e7\u00f5es pessoais ser\u00e3o tratadas por esses provedores.\n                <\/p>\n<p>\n                   Em particular, lembre-se de que certos fornecedores podem estar localizados ou ter instala\u00e7\u00f5es localizadas em uma jurisdi\u00e7\u00e3o diferente de sua ou de n\u00f3s. Portanto, se voc\u00ea decidir prosseguir com uma transa\u00e7\u00e3o que envolva os servi\u00e7os de um provedor de servi\u00e7os terceirizado, suas informa\u00e7\u00f5es podem ficar sujeitas \u00e0s leis das jurisdi\u00e7\u00f5es em que esse provedor de servi\u00e7os ou suas instala\u00e7\u00f5es est\u00e3o localizados.\n                <\/p>\n<p>\n                   Por exemplo, se voc\u00ea estiver localizado no Canad\u00e1 e sua transa\u00e7\u00e3o for processada por um portal de pagamento localizado nos Estados Unidos, suas informa\u00e7\u00f5es pessoais usadas na conclus\u00e3o dessa transa\u00e7\u00e3o podem estar sujeitas a divulga\u00e7\u00e3o de acordo com a legisla\u00e7\u00e3o dos Estados Unidos, incluindo o Patriot Act.\n                <\/p>\n<p>\n                    Assim que voc\u00ea sair do site da nossa loja ou for redirecionado para um site ou aplicativo de terceiros, voc\u00ea n\u00e3o ser\u00e1 mais regido por esta Pol\u00edtica de Privacidade ou pelos Termos de Servi\u00e7o do nosso site.\n                <\/p>\n<p>\n                    <b>Links<\/b><br \/> <br \/>\n                          Quando voc\u00ea clica em links em nossa loja, eles podem direcion\u00e1-lo para fora do nosso site. N\u00e3o somos respons\u00e1veis pelas pr\u00e1ticas de privacidade de outros sites e encorajamos voc\u00ea a ler suas declara\u00e7\u00f5es de privacidade.\n                <\/p>\n<\/p><\/div>\n<div>\n<h4>SE\u00c7\u00c3O 6 &#8211; SEGURAN\u00c7A<\/h4>\n<p>\n                    Para proteger suas informa\u00e7\u00f5es pessoais, tomamos as precau\u00e7\u00f5es razo\u00e1veis e seguimos as melhores pr\u00e1ticas da ind\u00fastria para garantir que n\u00e3o sejam perdidas, mal utilizadas, acessadas, divulgadas, alteradas ou destru\u00eddas de forma inadequada. Se voc\u00ea nos fornecer as informa\u00e7\u00f5es do seu cart\u00e3o de cr\u00e9dito, as informa\u00e7\u00f5es ser\u00e3o criptografadas usando a tecnologia Secure Socket Layer (SSL) e armazenadas com criptografia AES-256. Embora nenhum m\u00e9todo de transmiss\u00e3o pela Internet ou armazenamento eletr\u00f4nico seja 100% seguro, seguimos todos os requisitos PCI-DSS e implementamos padr\u00f5es adicionais geralmente aceitos do setor.\n                <\/p>\n<\/p><\/div>\n<div>\n<h4>SE\u00c7\u00c3O 7 &#8211; COOKIES<\/h4>\n<p>\n                Aqui est\u00e1 uma lista de cookies que usamos. N\u00f3s os listamos aqui para que voc\u00ea possa escolher se deseja desativar os cookies ou n\u00e3o.\n                <\/p>\n<ul class=\"list_dots\">\n<li>\n                        <b>session_id, token exclusivo, sessional, Permite que o Shopify armazene informa\u00e7\u00f5es sobre sua sess\u00e3o (referenciador, p\u00e1gina de destino, etc).<\/b>\n                    <\/li>\n<li>\n                        <b>shopify_visit, nenhum dado mantido, Persistente por 30 minutos desde a \u00faltima visita, Usado pelo rastreador de estat\u00edsticas interno do provedor do nosso site para registrar o n\u00famero de visitas<\/b>\n                    <\/li>\n<li>\n                        <b>shopify_uniq, sem dados retidos, expira \u00e0 meia-noite (em rela\u00e7\u00e3o ao visitante) do dia seguinte, conta o n\u00famero de visitas a uma loja por um \u00fanico cliente.<\/b>\n                    <\/li>\n<li>\n                        <b>Carrinho, token exclusivo, persistente por 2 semanas, armazena informa\u00e7\u00f5es sobre o conte\u00fado do seu carrinho.<\/b>\n                    <\/li>\n<li>\n                        <b>secure_session_id, token \u00fanico, sessional<\/b>\n                    <\/li>\n<li>\n                        <b>Storefront_digest, token \u00fanico, indefinido Se a loja tiver uma senha, ela \u00e9 usada para determinar se o visitante atual tem acesso.<\/b>\n                    <\/li>\n<\/ul><\/div>\n<div>\n<h4>SE\u00c7\u00c3O 8 &#8211; IDADE DE CONSENTIMENTO<\/h4>\n<p>\n                  Ao usar este site, voc\u00ea declara que tem pelo menos a maioridade em seu estado ou prov\u00edncia de resid\u00eancia, ou que \u00e9 maior de idade em seu estado ou prov\u00edncia de resid\u00eancia e nos deu seu consentimento para permitir que qualquer um dos seus dependentes menores para usar este site.\n                <\/p>\n<\/p><\/div>\n<div>\n<h4>SE\u00c7\u00c3O 9 &#8211; ALTERA\u00c7\u00d5ES A ESTA POL\u00cdTICA DE PRIVACIDADE<\/h4>\n<p>\n                   N\u00f3s nos reservamos o direito de modificar esta pol\u00edtica de privacidade a qualquer momento, portanto, revise-a com frequ\u00eancia. As altera\u00e7\u00f5es e esclarecimentos entrar\u00e3o em vigor imediatamente ap\u00f3s sua publica\u00e7\u00e3o no site. Se fizermos altera\u00e7\u00f5es materiais a esta pol\u00edtica, iremos notific\u00e1-lo aqui de que ela foi atualizada, para que voc\u00ea esteja ciente de quais informa\u00e7\u00f5es coletamos, como as usamos e sob quais circunst\u00e2ncias, se houver, usamos e \/ ou divulgamos isto.\n                <\/p>\n<p>\n                    Se nossa loja for adquirida ou fundida com outra empresa, suas informa\u00e7\u00f5es podem ser transferidas para os novos propriet\u00e1rios para que possamos continuar a vender produtos para voc\u00ea.\n                <\/p>\n<h4>D\u00daVIDAS E INFORMA\u00c7\u00d5ES DE CONTATO<\/h4>\n<p>\n                    Se voc\u00ea deseja: acessar, corrigir, alterar ou excluir qualquer informa\u00e7\u00e3o pessoal que tenhamos sobre voc\u00ea, registrar uma reclama\u00e7\u00e3o ou simplesmente desejar mais informa\u00e7\u00f5es, entre em contato com nosso Diretor de Conformidade de Privacidade em <b> <a href = \"mailto: brightsity1@gmail. com \"> <i class =\"lni lni-envelope\"> <\/i> brightsity1@gmail.com <\/a> <\/b>.\n                <\/p>\n<\/p><\/div>\n","protected":false},"excerpt":{"rendered":"<p>SE\u00c7\u00c3O 1 &#8211; O QUE FAZEMOS COM SUAS INFORMA\u00c7\u00d5ES? Quando voc\u00ea compra algo em nossa loja, como parte do processo de compra e venda, coletamos as informa\u00e7\u00f5es pessoais que voc\u00ea nos fornece, como seu nome, endere\u00e7o e endere\u00e7o de e-mail. Quando voc\u00ea navega em nossa loja, tamb\u00e9m recebemos automaticamente o endere\u00e7o de protocolo de internet [&hellip;]<\/p>\n","protected":false},"author":1,"featured_media":0,"parent":0,"menu_order":0,"comment_status":"closed","ping_status":"closed","template":"templates\/privacy_policy.php","meta":{"om_disable_all_campaigns":false,"_mi_skip_tracking":false},"_links":{"self":[{"href":"https:\/\/www.brightsity.com\/pt-pt\/wp-json\/wp\/v2\/pages\/1007"}],"collection":[{"href":"https:\/\/www.brightsity.com\/pt-pt\/wp-json\/wp\/v2\/pages"}],"about":[{"href":"https:\/\/www.brightsity.com\/pt-pt\/wp-json\/wp\/v2\/types\/page"}],"author":[{"embeddable":true,"href":"https:\/\/www.brightsity.com\/pt-pt\/wp-json\/wp\/v2\/users\/1"}],"replies":[{"embeddable":true,"href":"https:\/\/www.brightsity.com\/pt-pt\/wp-json\/wp\/v2\/comments?post=1007"}],"version-history":[{"count":5,"href":"https:\/\/www.brightsity.com\/pt-pt\/wp-json\/wp\/v2\/pages\/1007\/revisions"}],"predecessor-version":[{"id":1014,"href":"https:\/\/www.brightsity.com\/pt-pt\/wp-json\/wp\/v2\/pages\/1007\/revisions\/1014"}],"wp:attachment":[{"href":"https:\/\/www.brightsity.com\/pt-pt\/wp-json\/wp\/v2\/media?parent=1007"}],"curies":[{"name":"wp","href":"https:\/\/api.w.org\/{rel}","templated":true}]}}