{"id":1084,"date":"2020-12-15T06:36:55","date_gmt":"2020-12-15T06:36:55","guid":{"rendered":"https:\/\/www.brightsity.com\/solutions\/certifications\/"},"modified":"2021-09-09T08:33:58","modified_gmt":"2021-09-09T08:33:58","slug":"certificaciones","status":"publish","type":"page","link":"https:\/\/www.brightsity.com\/es\/solutions\/certificaciones\/","title":{"rendered":"Certificaciones"},"content":{"rendered":"<h1>Certificaciones en cursos de tres niveles<\/h1>\n<p>Los cursos de \u00c9tica Empresarial y Profesional se dividen en varias \u00e1reas centrales y pueden combinarse para servir como un curso de nivel universitario en \u00c9tica Empresarial y Profesional, o agruparse para 3 niveles de certificaci\u00f3n, certificaciones b\u00e1sicas, avanzadas o ejecutivas.<\/p>\n<p><a href=\"#cohorts\" title=\"button\" class=\"toDown btn btn-primary\"> Ver cohortes <\/a><\/p>\n","protected":false},"excerpt":{"rendered":"<p>Certificaciones en cursos de tres niveles Los cursos de \u00c9tica Empresarial y Profesional se dividen en varias \u00e1reas centrales y pueden combinarse para servir como un curso de nivel universitario en \u00c9tica Empresarial y Profesional, o agruparse para 3 niveles de certificaci\u00f3n, certificaciones b\u00e1sicas, avanzadas o ejecutivas. Ver cohortes<\/p>\n","protected":false},"author":1,"featured_media":758,"parent":1056,"menu_order":0,"comment_status":"closed","ping_status":"closed","template":"templates\/solutions-course-template.php","meta":{"om_disable_all_campaigns":false,"_mi_skip_tracking":false},"_links":{"self":[{"href":"https:\/\/www.brightsity.com\/es\/wp-json\/wp\/v2\/pages\/1084"}],"collection":[{"href":"https:\/\/www.brightsity.com\/es\/wp-json\/wp\/v2\/pages"}],"about":[{"href":"https:\/\/www.brightsity.com\/es\/wp-json\/wp\/v2\/types\/page"}],"author":[{"embeddable":true,"href":"https:\/\/www.brightsity.com\/es\/wp-json\/wp\/v2\/users\/1"}],"replies":[{"embeddable":true,"href":"https:\/\/www.brightsity.com\/es\/wp-json\/wp\/v2\/comments?post=1084"}],"version-history":[{"count":4,"href":"https:\/\/www.brightsity.com\/es\/wp-json\/wp\/v2\/pages\/1084\/revisions"}],"predecessor-version":[{"id":1538,"href":"https:\/\/www.brightsity.com\/es\/wp-json\/wp\/v2\/pages\/1084\/revisions\/1538"}],"up":[{"embeddable":true,"href":"https:\/\/www.brightsity.com\/es\/wp-json\/wp\/v2\/pages\/1056"}],"wp:featuredmedia":[{"embeddable":true,"href":"https:\/\/www.brightsity.com\/es\/wp-json\/wp\/v2\/media\/758"}],"wp:attachment":[{"href":"https:\/\/www.brightsity.com\/es\/wp-json\/wp\/v2\/media?parent=1084"}],"curies":[{"name":"wp","href":"https:\/\/api.w.org\/{rel}","templated":true}]}}