{"id":1052,"date":"2020-12-15T07:04:42","date_gmt":"2020-12-15T07:04:42","guid":{"rendered":"https:\/\/www.brightsity.com\/mentoring\/"},"modified":"2021-09-03T14:59:23","modified_gmt":"2021-09-03T14:59:23","slug":"tutoria","status":"publish","type":"page","link":"https:\/\/www.brightsity.com\/es\/solutions\/tutoria\/","title":{"rendered":"Tutor\u00eda"},"content":{"rendered":"<h1>Mentor\u00eda organizacional<\/h1>\n<p>Organizaciones para desarrollar a sus empleados, retener, involucrar e intercambiar conocimiento t\u00e1cito. La tutor\u00eda de carrera de Brightsity es bidireccional, lo que garantiza que tanto el mentor como el protegido se beneficien del intercambio de manera medible, relacionada con el trabajo y saludable.<\/p>\n<p><a href=\"#cohorts\" title=\"button\" class=\"toDown btn btn-primary\"> Ver cohortes <\/a><\/p>\n","protected":false},"excerpt":{"rendered":"<p>Mentor\u00eda organizacional Organizaciones para desarrollar a sus empleados, retener, involucrar e intercambiar conocimiento t\u00e1cito. La tutor\u00eda de carrera de Brightsity es bidireccional, lo que garantiza que tanto el mentor como el protegido se beneficien del intercambio de manera medible, relacionada con el trabajo y saludable. Ver cohortes<\/p>\n","protected":false},"author":1,"featured_media":760,"parent":1056,"menu_order":0,"comment_status":"closed","ping_status":"closed","template":"templates\/about.php","meta":{"om_disable_all_campaigns":false,"_mi_skip_tracking":false},"_links":{"self":[{"href":"https:\/\/www.brightsity.com\/es\/wp-json\/wp\/v2\/pages\/1052"}],"collection":[{"href":"https:\/\/www.brightsity.com\/es\/wp-json\/wp\/v2\/pages"}],"about":[{"href":"https:\/\/www.brightsity.com\/es\/wp-json\/wp\/v2\/types\/page"}],"author":[{"embeddable":true,"href":"https:\/\/www.brightsity.com\/es\/wp-json\/wp\/v2\/users\/1"}],"replies":[{"embeddable":true,"href":"https:\/\/www.brightsity.com\/es\/wp-json\/wp\/v2\/comments?post=1052"}],"version-history":[{"count":3,"href":"https:\/\/www.brightsity.com\/es\/wp-json\/wp\/v2\/pages\/1052\/revisions"}],"predecessor-version":[{"id":1074,"href":"https:\/\/www.brightsity.com\/es\/wp-json\/wp\/v2\/pages\/1052\/revisions\/1074"}],"up":[{"embeddable":true,"href":"https:\/\/www.brightsity.com\/es\/wp-json\/wp\/v2\/pages\/1056"}],"wp:featuredmedia":[{"embeddable":true,"href":"https:\/\/www.brightsity.com\/es\/wp-json\/wp\/v2\/media\/760"}],"wp:attachment":[{"href":"https:\/\/www.brightsity.com\/es\/wp-json\/wp\/v2\/media?parent=1052"}],"curies":[{"name":"wp","href":"https:\/\/api.w.org\/{rel}","templated":true}]}}