{"id":1019,"date":"2020-12-15T10:23:57","date_gmt":"2020-12-15T10:23:57","guid":{"rendered":"https:\/\/www.brightsity.com\/frequently-asked-questions\/"},"modified":"2021-09-03T11:37:30","modified_gmt":"2021-09-03T11:37:30","slug":"preguntas-frecuentes","status":"publish","type":"page","link":"https:\/\/www.brightsity.com\/es\/preguntas-frecuentes\/","title":{"rendered":"Preguntas frecuentes"},"content":{"rendered":"<h4>\u00bfQu\u00e9 es Brightsity?<\/h4>\n<p>\n                       Brightsity facilita el aprendizaje duradero a trav\u00e9s de una mir\u00edada de esfuerzos humanos, ocupacional, emocional y organizacionalmente. Nuestra plataforma logra esto al tener una fe profunda en la capacidad social humana y al validar esa fe a trav\u00e9s del an\u00e1lisis psicom\u00e9trico a nivel individual.\n                    <\/p>\n<p>\n                       La fe nace de la investigaci\u00f3n y tenemos muchas pruebas del \u00e9xito de nuestro modelo (vea la portada).\n                    <\/p>\n<p>\n                       Los seres humanos evolucionaron como miembros de grupos sociales y, al facilitar compromisos estructurados a trav\u00e9s de varios temas, agregaron un nivel granular y midieron esos resultados, pudieron mitigar el costo asociado con los desaf\u00edos log\u00edsticos como el espacio en el aula y los miembros de la facultad. M\u00e1s pertinente, apoyamos el impacto del trabajo del curso utilizando la herramienta real que el psic\u00f3logo usar\u00eda para establecer el bienestar, o los gerentes de contrataci\u00f3n usar\u00edan para evaluar las competencias ocupacionales a los efectos del desempe\u00f1o en la guerra de reclutamiento.\n                    <\/p>\n<p>\n                        Todo esto ocurre de la manera m\u00e1s atractiva posible, con individuos trabajando juntos como miembros confiables y responsables del grupo m\u00e1s peque\u00f1o, \u00a1dos!\n                    <\/p>\n<\/p><\/div>\n<div>\n<h4>Quiero usar los cursos de Brightsity para mi colegio \/ universidad \/ organizaci\u00f3n, \u00bfc\u00f3mo funciona?<\/h4>\n<p>\n                       Los cursos de Brightsity son f\u00e1ciles de administrar de forma independiente. El programa incluye funciones como la coincidencia autom\u00e1tica, las listas de espera, la retroalimentaci\u00f3n constante y la prevenci\u00f3n de problemas de los participantes. Los datos se proporcionan en una hoja de c\u00e1lculo f\u00e1cil de analizar. Los cursos de Brightsity se pueden utilizar para facilitar las relaciones de desarrollo de la compasi\u00f3n entre padres, maestros, administraci\u00f3n y entre la comunidad, las empresas, las asociaciones, la polic\u00eda, los bomberos, los gerentes de recursos humanos, los l\u00edderes y las organizaciones. Las organizaciones pueden utilizar los datos generados para el apoyo a los empleados, la acreditaci\u00f3n, el marketing, la responsabilidad social corporativa y la contrataci\u00f3n. Ponte en contacto para empezar.\n                    <\/p>\n<\/p><\/div>\n<div>\n<h4>\u00bfC\u00f3mo y por qu\u00e9 socios?<\/h4>\n<p>\n                       No est\u00e1 solo: formar\u00e1 un equipo de dos participantes motivados: \u00a1su socio y usted mismo!<br \/>\n                         Dependiendo de su implementaci\u00f3n, los participantes tendr\u00e1n diferentes enfoques de asociaci\u00f3n.\n                    <\/p>\n<p>Para implementaciones empresariales, sanitarias y acad\u00e9micas a gran escala, existen 3 opciones:<\/p>\n<ul class=\"list_dots\">\n<li> <b>Primero en llegar, primero en servir (las parejas se crean a medida que los participantes se registran)<\/b><\/li>\n<li><b> Facultad \/ Maestros \/ Administradores \/ Gerentes eligen (los participantes se registran, luego el administrador puede coincidir en funci\u00f3n de sus necesidades)<\/b><\/li>\n<li><b> Coincidencia psicom\u00e9trica (\u00a1Hemos eliminado las conjeturas y hemos validado una herramienta para que coincida con usted!) <\/b><\/li>\n<\/ul>\n<p>\n                        La buena noticia: \u00a1todos funcionan muy bien!\n                    <\/p>\n<p><i>Para participantes individuales (autodesarrollo):<\/i><\/p>\n<p>\u00a1El primero en llegar es el primero en ser servido en su zona horaria! Se le asignar\u00e1 un socio comprometido y considerado que desee crecer, \u00a1como usted!<\/p>\n<\/p><\/div>\n<div>\n<h4>\u00bfQu\u00e9 miden las evaluaciones de brillo?<\/h4>\n<p>\u00a1Medimos psicom\u00e9tricamente los resultados de los empleados, los estudiantes y el autodesarrollo!<\/p>\n<\/p><\/div>\n<div>\n<h4>\u00bfEs Brightsity conveniente?<\/h4>\n<p>\u00a1Los participantes trabajan socialmente distanciados y de manera eficiente cuando es conveniente para ellos y su pareja! Horario flexible para aquellos que tienen restricciones de tiempo.<\/p>\n<\/p><\/div>\n<div>\n<h4>\u00bfQui\u00e9n dise\u00f1\u00f3 Brightsity?<\/h4>\n<p>\u00a1Programas dise\u00f1ados por psic\u00f3logos destacados y expertos en la materia asociados con Stanford y otras universidades destacadas!<\/p>\n<\/p><\/div>\n","protected":false},"excerpt":{"rendered":"<p>\u00bfQu\u00e9 es Brightsity? Brightsity facilita el aprendizaje duradero a trav\u00e9s de una mir\u00edada de esfuerzos humanos, ocupacional, emocional y organizacionalmente. Nuestra plataforma logra esto al tener una fe profunda en la capacidad social humana y al validar esa fe a trav\u00e9s del an\u00e1lisis psicom\u00e9trico a nivel individual. La fe nace de la investigaci\u00f3n y tenemos [&hellip;]<\/p>\n","protected":false},"author":1,"featured_media":0,"parent":0,"menu_order":0,"comment_status":"closed","ping_status":"closed","template":"templates\/faq.php","meta":{"om_disable_all_campaigns":false,"_mi_skip_tracking":false},"_links":{"self":[{"href":"https:\/\/www.brightsity.com\/es\/wp-json\/wp\/v2\/pages\/1019"}],"collection":[{"href":"https:\/\/www.brightsity.com\/es\/wp-json\/wp\/v2\/pages"}],"about":[{"href":"https:\/\/www.brightsity.com\/es\/wp-json\/wp\/v2\/types\/page"}],"author":[{"embeddable":true,"href":"https:\/\/www.brightsity.com\/es\/wp-json\/wp\/v2\/users\/1"}],"replies":[{"embeddable":true,"href":"https:\/\/www.brightsity.com\/es\/wp-json\/wp\/v2\/comments?post=1019"}],"version-history":[{"count":4,"href":"https:\/\/www.brightsity.com\/es\/wp-json\/wp\/v2\/pages\/1019\/revisions"}],"predecessor-version":[{"id":1027,"href":"https:\/\/www.brightsity.com\/es\/wp-json\/wp\/v2\/pages\/1019\/revisions\/1027"}],"wp:attachment":[{"href":"https:\/\/www.brightsity.com\/es\/wp-json\/wp\/v2\/media?parent=1019"}],"curies":[{"name":"wp","href":"https:\/\/api.w.org\/{rel}","templated":true}]}}