{"id":1008,"date":"2020-12-15T10:48:08","date_gmt":"2020-12-15T10:48:08","guid":{"rendered":"https:\/\/www.brightsity.com\/privacy-statement\/"},"modified":"2021-09-03T10:45:19","modified_gmt":"2021-09-03T10:45:19","slug":"declaracion-de-privacidad","status":"publish","type":"page","link":"https:\/\/www.brightsity.com\/es\/declaracion-de-privacidad\/","title":{"rendered":"Declaracion de privacidad"},"content":{"rendered":"<div>\n<h4>SECCI\u00d3N 1 &#8211; \u00bfQU\u00c9 HACEMOS CON SU INFORMACI\u00d3N?<\/h4>\n<p>\n                    Cuando compra algo en nuestra tienda, como parte del proceso de compra y venta, recopilamos la informaci\u00f3n personal que nos proporciona, como su nombre, direcci\u00f3n y direcci\u00f3n de correo electr\u00f3nico.<br \/>\n                     Cuando navega por nuestra tienda, tambi\u00e9n recibimos autom\u00e1ticamente la direcci\u00f3n de protocolo de Internet (IP) de su computadora para proporcionarnos informaci\u00f3n que nos ayude a conocer su navegador y sistema operativo.\n                <\/p>\n<p>\n                    <b>Marketing por correo electr\u00f3nico (si corresponde):<\/b><br \/>\n                    Con su permiso, podemos enviarle correos electr\u00f3nicos sobre nuestra tienda, nuevos productos y otras actualizaciones.\n                <\/p>\n<\/p><\/div>\n<div>\n<h4>SECCI\u00d3N 2 &#8211; CONSENTIMIENTO<\/h4>\n<p>\n                    <b>\u00bfC\u00f3mo se obtiene mi consentimiento?<\/b><br \/> <br \/>\n                   Cuando nos proporciona informaci\u00f3n personal para completar una transacci\u00f3n, verificar su tarjeta de cr\u00e9dito, realizar un pedido, organizar una entrega o devolver una compra, damos a entender que da su consentimiento para que la recopilemos y la usemos solo por ese motivo espec\u00edfico.\n                 <\/p>\n<p>\n                   Si solicitamos su informaci\u00f3n personal por una raz\u00f3n secundaria, como marketing, le pediremos directamente su consentimiento expreso o le daremos la oportunidad de decir que no.\n                <\/p>\n<p>\n                    <b> \u00bfC\u00f3mo retiro mi consentimiento? <\/b><br \/> <br \/>\n                   Si despu\u00e9s de optar por participar, cambia de opini\u00f3n, puede retirar su consentimiento para que nos comuniquemos con usted, para la recopilaci\u00f3n, uso o divulgaci\u00f3n continua de su informaci\u00f3n, en cualquier momento, comunic\u00e1ndose con nosotros al <b> <a href = \" mailto: dmartinprime@gmail.com \"> <i class =\"lni lni-sobre\"> <\/i> dmartinprime@gmail.com <\/a> <\/b> o envi\u00e1ndonos un correo a: Direcci\u00f3n\n                <\/p>\n<\/p><\/div>\n<div>\n<h4>SECCI\u00d3N 3 &#8211; DIVULGACI\u00d3N<\/h4>\n<p>\n                   Podemos divulgar su informaci\u00f3n personal si as\u00ed lo exige la ley o si viola nuestros T\u00e9rminos de servicio.\n                 <\/p>\n<\/p><\/div>\n<div>\n<h4>SECCI\u00d3N 4 &#8211; Pago<\/h4>\n<p>\n                    <b>Pago:<\/b><br \/>\n                   Si elige una pasarela de pago directo para completar su compra, WooCommerce almacena los datos de su tarjeta de cr\u00e9dito. Est\u00e1 cifrado a trav\u00e9s del Est\u00e1ndar de seguridad de datos de la industria de tarjetas de pago (PCI-DSS). Los datos de su transacci\u00f3n de compra se almacenan solo el tiempo que sea necesario para completar su transacci\u00f3n de compra. Una vez que se haya completado, se eliminar\u00e1 la informaci\u00f3n de su transacci\u00f3n de compra.\n                <\/p>\n<p>\n                   Todas las pasarelas de pago directo se adhieren a los est\u00e1ndares establecidos por PCI-DSS administrados por el PCI Security Standards Council, que es un esfuerzo conjunto de marcas como Visa, MasterCard, American Express y Discover. Los requisitos de PCI-DSS ayudan a garantizar el manejo seguro de la informaci\u00f3n de la tarjeta de cr\u00e9dito por parte de nuestra tienda y\n                <\/p>\n<\/p><\/div>\n<div>\n<h4>SECCI\u00d3N 5 &#8211; SERVICIOS DE TERCEROS <\/h4>\n<p>\n                  En general, los proveedores externos que utilizamos solo recopilar\u00e1n, usar\u00e1n y divulgar\u00e1n su informaci\u00f3n en la medida necesaria para permitirles realizar los servicios que nos brindan.\n                <\/p>\n<p>\n                   Sin embargo, ciertos proveedores de servicios de terceros, como pasarelas de pago y otros procesadores de transacciones de pago, tienen sus propias pol\u00edticas de privacidad con respecto a la informaci\u00f3n que estamos obligados a proporcionarles para sus transacciones relacionadas con la compra.\n                <\/p>\n<p>\n                   Para estos proveedores, le recomendamos que lea sus pol\u00edticas de privacidad para que pueda comprender la forma en que estos proveedores manejar\u00e1n su informaci\u00f3n personal.\n                <\/p>\n<p>\n                   En particular, recuerde que ciertos proveedores pueden estar ubicados o tener instalaciones que se encuentran en una jurisdicci\u00f3n diferente a usted o nosotros. Por lo tanto, si elige continuar con una transacci\u00f3n que involucra los servicios de un proveedor de servicios externo, entonces su informaci\u00f3n puede estar sujeta a las leyes de la jurisdicci\u00f3n (es) en la que se encuentran ese proveedor de servicios o sus instalaciones.\n                <\/p>\n<p>\n                   Por ejemplo, si se encuentra en Canad\u00e1 y su transacci\u00f3n es procesada por una pasarela de pago ubicada en los Estados Unidos, su informaci\u00f3n personal utilizada para completar esa transacci\u00f3n puede estar sujeta a divulgaci\u00f3n seg\u00fan la legislaci\u00f3n de los Estados Unidos, incluida la Ley Patriota.\n                <\/p>\n<p>\n                    Una vez que abandona el sitio web de nuestra tienda o es redirigido a un sitio web o aplicaci\u00f3n de terceros, ya no se rige por esta Pol\u00edtica de privacidad ni por los T\u00e9rminos de servicio de nuestro sitio web.\n                <\/p>\n<p>\n                    <b>Enlaces<\/b><br \/> <br \/>\n                          Cuando hace clic en los enlaces de nuestra tienda, es posible que lo desv\u00eden de nuestro sitio. No somos responsables de las pr\u00e1cticas de privacidad de otros sitios y le recomendamos que lea sus declaraciones de privacidad.\n                <\/p>\n<\/p><\/div>\n<div>\n<h4>SECCI\u00d3N 6 &#8211; SEGURIDAD<\/h4>\n<p>\n                    Para proteger su informaci\u00f3n personal, tomamos precauciones razonables y seguimos las mejores pr\u00e1cticas de la industria para asegurarnos de que no se pierda, use indebidamente, acceda, divulgue, altere o destruya de manera inapropiada. Si nos proporciona la informaci\u00f3n de su tarjeta de cr\u00e9dito, la informaci\u00f3n se cifra mediante la tecnolog\u00eda de capa de conexi\u00f3n segura (SSL) y se almacena con un cifrado AES-256. Aunque ning\u00fan m\u00e9todo de transmisi\u00f3n a trav\u00e9s de Internet o almacenamiento electr\u00f3nico es 100% seguro, seguimos todos los requisitos de PCI-DSS e implementamos est\u00e1ndares industriales adicionales generalmente aceptados.\n                <\/p>\n<\/p><\/div>\n<div>\n<h4>SECCI\u00d3N 7 &#8211; COOKIES<\/h4>\n<p>\n                Aqu\u00ed hay una lista de cookies que usamos. Los enumeramos aqu\u00ed para que pueda elegir si desea optar por no recibir cookies o no.\n                <\/p>\n<ul class=\"list_dots\">\n<li>\n                        <b>session_id, token \u00fanico, sesi\u00f3n, permite a Shopify almacenar informaci\u00f3n sobre su sesi\u00f3n (referente, p\u00e1gina de destino, etc.).<\/b>\n                    <\/li>\n<li>\n                        <b>shopify_visit, sin datos retenidos, persistente durante 30 minutos desde la \u00faltima visita, utilizado por el rastreador de estad\u00edsticas interno de nuestro proveedor del sitio web para registrar el n\u00famero de visitas<\/b>\n                    <\/li>\n<li>\n                        <b>shopify_uniq, sin datos retenidos, vence a la medianoche (en relaci\u00f3n con el visitante) del d\u00eda siguiente, cuenta el n\u00famero de visitas a una tienda por un solo cliente.<\/b>\n                    <\/li>\n<li>\n                        <b>Carrito, token \u00fanico, persistente durante 2 semanas, almacena informaci\u00f3n sobre el contenido de su carrito.<\/b>\n                    <\/li>\n<li>\n                        <b>secure_session_id, token \u00fanico, sesi\u00f3n<\/b>\n                    <\/li>\n<li>\n                        <b>Storefront_digest, token \u00fanico, indefinido Si la tienda tiene una contrase\u00f1a, esta se usa para determinar si el visitante actual tiene acceso.<\/b>\n                    <\/li>\n<\/ul><\/div>\n<div>\n<h4>SECCI\u00d3N 8 &#8211; EDAD DE CONSENTIMIENTO<\/h4>\n<p>\n                   Al utilizar este sitio, usted declara que tiene al menos la mayor\u00eda de edad en su estado o provincia de residencia, o que tiene la mayor\u00eda de edad en su estado o provincia de residencia y nos ha dado su consentimiento para permitir cualquiera de sus dependientes menores para usar este sitio.\n                <\/p>\n<\/p><\/div>\n<div>\n<h4>SECCI\u00d3N 9 &#8211; CAMBIOS A ESTA POL\u00cdTICA DE PRIVACIDAD<\/h4>\n<p>\n                   Nos reservamos el derecho de modificar esta pol\u00edtica de privacidad en cualquier momento, as\u00ed que rev\u00edsela con frecuencia. Los cambios y aclaraciones entrar\u00e1n en vigor inmediatamente despu\u00e9s de su publicaci\u00f3n en el sitio web. Si realizamos cambios sustanciales a esta pol\u00edtica, le notificaremos aqu\u00ed que se ha actualizado, para que sepa qu\u00e9 informaci\u00f3n recopilamos, c\u00f3mo la usamos y bajo qu\u00e9 circunstancias, si las hay, usamos y \/ o divulgamos. eso.\n                <\/p>\n<p>\n                   Si nuestra tienda es adquirida o fusionada con otra empresa, su informaci\u00f3n puede ser transferida a los nuevos propietarios para que podamos seguir vendi\u00e9ndole productos.\n                <\/p>\n<h4>PREGUNTAS E INFORMACI\u00d3N DE CONTACTO<\/h4>\n<p>\n                   Si desea: acceder, corregir, enmendar o eliminar cualquier informaci\u00f3n personal que tengamos sobre usted, registrar una queja o simplemente desea obtener m\u00e1s informaci\u00f3n, comun\u00edquese con nuestro Oficial de Cumplimiento de Privacidad en <b> <a href = \"mailto: brightsity1@gmail.com \"> <i class =\"lni lni-sobre\"> <\/i> brightsity1@gmail.com <\/a><\/b>.\n                <\/p>\n<\/p><\/div>\n","protected":false},"excerpt":{"rendered":"<p>SECCI\u00d3N 1 &#8211; \u00bfQU\u00c9 HACEMOS CON SU INFORMACI\u00d3N? Cuando compra algo en nuestra tienda, como parte del proceso de compra y venta, recopilamos la informaci\u00f3n personal que nos proporciona, como su nombre, direcci\u00f3n y direcci\u00f3n de correo electr\u00f3nico. Cuando navega por nuestra tienda, tambi\u00e9n recibimos autom\u00e1ticamente la direcci\u00f3n de protocolo de Internet (IP) de su [&hellip;]<\/p>\n","protected":false},"author":1,"featured_media":0,"parent":0,"menu_order":0,"comment_status":"closed","ping_status":"closed","template":"templates\/privacy_policy.php","meta":{"om_disable_all_campaigns":false,"_mi_skip_tracking":false},"_links":{"self":[{"href":"https:\/\/www.brightsity.com\/es\/wp-json\/wp\/v2\/pages\/1008"}],"collection":[{"href":"https:\/\/www.brightsity.com\/es\/wp-json\/wp\/v2\/pages"}],"about":[{"href":"https:\/\/www.brightsity.com\/es\/wp-json\/wp\/v2\/types\/page"}],"author":[{"embeddable":true,"href":"https:\/\/www.brightsity.com\/es\/wp-json\/wp\/v2\/users\/1"}],"replies":[{"embeddable":true,"href":"https:\/\/www.brightsity.com\/es\/wp-json\/wp\/v2\/comments?post=1008"}],"version-history":[{"count":4,"href":"https:\/\/www.brightsity.com\/es\/wp-json\/wp\/v2\/pages\/1008\/revisions"}],"predecessor-version":[{"id":1017,"href":"https:\/\/www.brightsity.com\/es\/wp-json\/wp\/v2\/pages\/1008\/revisions\/1017"}],"wp:attachment":[{"href":"https:\/\/www.brightsity.com\/es\/wp-json\/wp\/v2\/media?parent=1008"}],"curies":[{"name":"wp","href":"https:\/\/api.w.org\/{rel}","templated":true}]}}